{"id":5893,"date":"2023-03-24T13:55:24","date_gmt":"2023-03-24T13:55:24","guid":{"rendered":"https:\/\/augustini.hr\/politika-kvalitete\/"},"modified":"2023-05-16T11:03:04","modified_gmt":"2023-05-16T11:03:04","slug":"qualitaetspolitik","status":"publish","type":"page","link":"https:\/\/augustini.hr\/de\/qualitaetspolitik\/","title":{"rendered":"Qualit\u00e4tspolitik"},"content":{"rendered":"\t\t<div data-elementor-type=\"wp-page\" data-elementor-id=\"5893\" class=\"elementor elementor-5893\">\n\t\t\t\t\t\t<section class=\"elementor-section elementor-top-section elementor-element elementor-element-a580fe1 elementor-section-boxed elementor-section-height-default elementor-section-height-default\" data-id=\"a580fe1\" data-element_type=\"section\" data-e-type=\"section\" data-settings=\"{&quot;background_background&quot;:&quot;classic&quot;}\">\n\t\t\t\t\t\t\t<div class=\"elementor-background-overlay\"><\/div>\n\t\t\t\t\t\t\t<div class=\"elementor-container elementor-column-gap-default\">\n\t\t\t\t\t<div class=\"elementor-column elementor-col-100 elementor-top-column elementor-element elementor-element-ec3f02b\" data-id=\"ec3f02b\" data-element_type=\"column\" data-e-type=\"column\">\n\t\t\t<div class=\"elementor-widget-wrap elementor-element-populated\">\n\t\t\t\t\t\t<div class=\"elementor-element elementor-element-ad60bd6 elementor-widget elementor-widget-heading\" data-id=\"ad60bd6\" data-element_type=\"widget\" data-e-type=\"widget\" data-widget_type=\"heading.default\">\n\t\t\t\t\t<h2 class=\"elementor-heading-title elementor-size-default\">Qualit\u00e4tspolitik<\/h2>\t\t\t\t<\/div>\n\t\t\t\t\t<\/div>\n\t\t<\/div>\n\t\t\t\t\t<\/div>\n\t\t<\/section>\n\t\t\t\t<section class=\"elementor-section elementor-top-section elementor-element elementor-element-943b55b elementor-section-boxed elementor-section-height-default elementor-section-height-default\" data-id=\"943b55b\" data-element_type=\"section\" data-e-type=\"section\">\n\t\t\t\t\t\t<div class=\"elementor-container elementor-column-gap-default\">\n\t\t\t\t\t<div class=\"elementor-column elementor-col-100 elementor-top-column elementor-element elementor-element-0905cc2\" data-id=\"0905cc2\" data-element_type=\"column\" data-e-type=\"column\">\n\t\t\t<div class=\"elementor-widget-wrap elementor-element-populated\">\n\t\t\t\t\t\t<div class=\"elementor-element elementor-element-eefc4ef elementor-widget elementor-widget-text-editor\" data-id=\"eefc4ef\" data-element_type=\"widget\" data-e-type=\"widget\" data-widget_type=\"text-editor.default\">\n\t\t\t\t\t\t\t\t\t<p>Augustini GmbH hat ein Qualit\u00e4tsmanagementsystem in \u00dcbereinstimmung mit den Anforderungen der ISO 9001:2008 eingef\u00fchrt, um das h\u00f6chstm\u00f6gliche Qualit\u00e4tsniveau ihrer Leistungen zu erreichen.<\/p><p>Herstellung von Magnetkarten , Etiketten, Briefpapier, Personalisierung und Hologramm-Schutz von Wertpapieren.<br \/>Die Qualittspolitik ist ein integraler und wesentlicher Teil der gesamten Gesch\u00e4ftspolitik und der Strategie des Unternehmens und wird durch pr\u00e4zise Ziele im Bereich Qualit\u00e4t bestimmt und an die Organisation der Gesellschaft angepasst.<\/p><p>Bei der Festlegung und Umsetzung dieser Qualit\u00e4tsziele f\u00fchren wir uns an der vereinbarten Strategie fr das Unternehmen, der Notwendigkeit einer kontinuierlichen Verbesserung, an den Anforderungen und Erwartungen der Kunden, der kontinuierlichen Weiterbildung und Verwaltung der eigenen personellen Ressourcen, sowie der Bereitstellung aller Ressourcen und Mittel, um diese Ziele zu erreichen.<\/p><p><strong><a href=\"https:\/\/augustini.hr\/wp-content\/uploads\/2023\/03\/certifikat-ISO-9001-2015-scaled01.jpg\">ISO 9001:2015<\/a><\/strong><br \/><strong><a href=\"https:\/\/augustini.hr\/wp-content\/uploads\/2023\/03\/ccs-certifikat.pdf\">CONFORMITY OF TICKETS<\/a><\/strong><br \/><strong><a href=\"https:\/\/augustini.hr\/wp-content\/uploads\/2023\/03\/Certifikat-ISO-14001.jpg\">ISO 14001:2015<\/a><\/strong><\/p><p>Worauf wir stolz sind:<\/p><div class=\"product-list\"><ul><li>Qualit\u00e4t ist ein integraler Bestandteil unserer Aktivit\u00e4ten, Prozesse und Produkte.<\/li><li>Wir beurteilen die Qualit\u00e4t unserer Produkte und Dienstleistungen auf Grund der Anforderungen und Bed\u00fcrfnisse der Nutzer und ihre Zufriedenheit.<\/li><li>Qualit\u00e4t ist die Kultur dieser Gesellschaft.<\/li><\/ul><\/div><p>Wir glauben fest daran, dass wir durch unseren F\u00fchrungsstil und unsere Arbeit Verantwortung, P\u00fcnktlichkeit, Aktualit\u00e4t und eine ehrliche, kultivierte und faire Einstellung zu allen Gesch\u00e4ftspartnern entwickeln.<\/p><p>Durch die Verbesserung unserer eigenen Programme, dem Total Quality Management, und mit vollem, pers\u00f6nlichem Beitrag eines jeden einzelnen, sorgen wir f\u00fcr eine effiziente, rentable und produktive Wirtschaft und tragen damit zur Verbesserung der eigenen Lebensbedingungen bei.<\/p><p>Durch Zusammenarbeit mit anderen Vertragspartnern am selben Projekt, bieten wir die M\u00f6glichkeit, Wissen zu \u00fcbertragen.<\/p><p>Durch kontinuierliche Verbesserungen entwickeln wir unsere Art und Weise Gesch\u00e4fte zu machen.<\/p>\t\t\t\t\t\t\t\t<\/div>\n\t\t\t\t\t<\/div>\n\t\t<\/div>\n\t\t\t\t\t<\/div>\n\t\t<\/section>\n\t\t\t\t<\/div>\n\t\t","protected":false},"excerpt":{"rendered":"<p>Qualit\u00e4tspolitik Augustini GmbH hat ein Qualit\u00e4tsmanagementsystem in \u00dcbereinstimmung mit den Anforderungen der ISO 9001:2008 eingef\u00fchrt, um das h\u00f6chstm\u00f6gliche Qualit\u00e4tsniveau ihrer Leistungen zu erreichen. Herstellung von Magnetkarten , Etiketten, Briefpapier, Personalisierung und Hologramm-Schutz von Wertpapieren.Die Qualittspolitik ist ein integraler und wesentlicher Teil der gesamten Gesch\u00e4ftspolitik und der Strategie des Unternehmens und wird durch pr\u00e4zise Ziele im [&hellip;]<\/p>\n","protected":false},"author":1,"featured_media":0,"parent":0,"menu_order":0,"comment_status":"closed","ping_status":"closed","template":"","meta":{"footnotes":""},"class_list":["post-5893","page","type-page","status-publish","hentry"],"_links":{"self":[{"href":"https:\/\/augustini.hr\/de\/wp-json\/wp\/v2\/pages\/5893","targetHints":{"allow":["GET"]}}],"collection":[{"href":"https:\/\/augustini.hr\/de\/wp-json\/wp\/v2\/pages"}],"about":[{"href":"https:\/\/augustini.hr\/de\/wp-json\/wp\/v2\/types\/page"}],"author":[{"embeddable":true,"href":"https:\/\/augustini.hr\/de\/wp-json\/wp\/v2\/users\/1"}],"replies":[{"embeddable":true,"href":"https:\/\/augustini.hr\/de\/wp-json\/wp\/v2\/comments?post=5893"}],"version-history":[{"count":0,"href":"https:\/\/augustini.hr\/de\/wp-json\/wp\/v2\/pages\/5893\/revisions"}],"wp:attachment":[{"href":"https:\/\/augustini.hr\/de\/wp-json\/wp\/v2\/media?parent=5893"}],"curies":[{"name":"wp","href":"https:\/\/api.w.org\/{rel}","templated":true}]}}