{"id":5885,"date":"2023-03-16T09:17:27","date_gmt":"2023-03-16T09:17:27","guid":{"rendered":"https:\/\/augustini.hr\/polica-privatnosti\/"},"modified":"2023-05-10T13:25:31","modified_gmt":"2023-05-10T13:25:31","slug":"datenschutzrichtlinie","status":"publish","type":"page","link":"https:\/\/augustini.hr\/de\/datenschutzrichtlinie\/","title":{"rendered":"Datenschutzrichtlinie"},"content":{"rendered":"<h3>Was ist ein Cookie?<\/h3>\n<p>Ein Cookie ist eine Information, die von der Website, die Sie besuchen, auf Ihrem Computer gespeichert wird. Cookies speichern in der Regel Ihre Einstellungen, wie z.B. Spracheinstellungen oder Adresse, f\u00fcr die Website. Wenn Sie sp\u00e4ter dieselbe Website erneut \u00f6ffnen, sendet der Webbrowser Cookies zur\u00fcck, die zu dieser Website geh\u00f6ren. Dies erm\u00f6glicht der Website, Informationen an Ihre Bed\u00fcrfnisse anzupassen. Cookies k\u00f6nnen eine breite Palette von Informationen speichern, einschlie\u00dflich pers\u00f6nlicher Informationen (wie Ihr Name oder Ihre E-Mail-Adresse). Diese Informationen k\u00f6nnen jedoch nur gespeichert werden, wenn Sie dies zulassen &#8211; Websites k\u00f6nnen nicht auf Informationen zugreifen, die Sie ihnen nicht gegeben haben, und k\u00f6nnen nicht auf andere Dateien auf Ihrem Computer zugreifen. Die Standardeinstellungen zum Speichern und Senden von Cookies sind f\u00fcr Sie unsichtbar. Sie k\u00f6nnen jedoch Ihre Internetbrowser-Einstellungen \u00e4ndern, um selbst zu entscheiden, ob Sie Anfragen zum Speichern von Cookies akzeptieren oder ablehnen m\u00f6chten, gespeicherte Cookies automatisch beim Schlie\u00dfen des Internetbrowsers l\u00f6schen usw.<\/p>\n<h3>WIE K\u00d6NNEN COOKIES DEAKTIVIERT WERDEN?<\/h3>\n<p>Durch Deaktivierung von Cookies entscheiden Sie, ob Sie das Speichern von Cookies auf Ihrem Computer zulassen m\u00f6chten. Cookie-Einstellungen k\u00f6nnen in Ihrem Webbrowser gesteuert und konfiguriert werden. W\u00e4hlen Sie f\u00fcr Informationen zu Cookie-Einstellungen den von Ihnen verwendeten Webbrowser aus.<\/p>\n<p>Firefox: Verwalten von Cookies<br \/>\nInternet Explorer: Verwalten von Cookies<br \/>\nGoogle Chrome: Verwalten von Cookies<br \/>\nOpera: Verwalten von Cookies<br \/>\nF\u00fcr andere Webbrowser<br \/>\nWenn Sie Cookies deaktivieren, k\u00f6nnen Sie einige Funktionen auf den Webseiten m\u00f6glicherweise nicht nutzen.<\/p>\n<h3>WAS SIND SESSION-COOKIES?<\/h3>\n<p>Session-Cookies oder tempor\u00e4re Cookies werden nach dem Schlie\u00dfen des Browsers vom Computer entfernt. Mit ihnen k\u00f6nnen Websites vor\u00fcbergehende Daten speichern, z. B. Artikel im Einkaufswagen.<\/p>\n<h3>WAS SIND PERSISTENTE COOKIES?<\/h3>\n<p>Persistente oder gespeicherte Cookies verbleiben nach dem Schlie\u00dfen des Browser-Programms auf dem Computer. Mit ihnen k\u00f6nnen Websites Daten speichern, wie beispielsweise den Benutzernamen und das Passwort, so dass Sie sich bei jedem Besuch der Website nicht erneut anmelden m\u00fcssen. Persistente Cookies k\u00f6nnen Tage, Monate oder sogar Jahre auf dem Computer verbleiben.<\/p>\n<h3>WAS SIND ERSTE-PARTEI-COOKIES?<\/h3>\n<p>Erste-Partei-Cookies stammen von der Webseite, die Sie besuchen, und k\u00f6nnen dauerhaft oder vor\u00fcbergehend sein. Mit diesen Cookies k\u00f6nnen Webseiten Daten speichern, die sie bei Ihrem n\u00e4chsten Besuch erneut verwenden k\u00f6nnen.<\/p>\n<h3>WAS SIND DRITTPARTEI-COOKIES?<\/h3>\n<p>Drittpartei-Cookies stammen von Anzeigen anderer Websites (wie Popup- oder andere Anzeigen), die auf der von Ihnen besuchten Website platziert sind. Mit diesen Cookies k\u00f6nnen Websites das Internetverhalten zu Marketingzwecken verfolgen.<\/p>\n<h3>ZUS\u00c4TZLICHE INFORMATIONEN ZUR DEAKTIVIERUNG VON COOKIES<\/h3>\n<p>Wenn Sie verhindern m\u00f6chten, dass die genannten Dienste Cookies speichern, k\u00f6nnen Sie dies f\u00fcr jeden Dienst \u00fcber die folgenden Links verbieten:<\/p>\n<p>Google Analytics \u2013 <a href=\"https:\/\/tools.google.com\/ dlpage\/gaoptout\">https:\/\/tools.google.com\/ dlpage\/gaoptout<\/a><\/p>\n<p>Gemius \u2013 <a href=\"http:\/\/www.xiti.com\/en\/optout. aspx\">http:\/\/optout.hit.gemius.pl\/ removeEN.php<\/a><\/p>\n<p>Xiti \u2013 <a href=\"http:\/\/www.xiti.com\/en\/optout. aspx\">http:\/\/www.xiti.com\/en\/optout. aspx<\/a><\/p>\n<p>Responsive \u2013 <a href=\"http:\/\/www.responsive.la\/postavke\">www.responsive.la\/postavke<\/a><\/p>\n<p>Werbung<\/p>\n<p>Alle Anzeigenpositionen werden \u00fcber das Adtech-Werbungssystem geliefert. Wenn Sie Adtech daran hindern m\u00f6chten, Ihren Cookie zu speichern, k\u00f6nnen Sie hier verbieten: http:\/\/www.adtechus.com\/cookie_opt-out\/ Zus\u00e4tzlich zu Anzeigen \u00fcber unser System zeigen wir auch Anzeigen aus dem Google Adsense- und DoubleClick-Netzwerk an.<\/p>\n<p>Wenn Sie verhindern m\u00f6chten, dass diese Dienste Ihren Cookie speichern, k\u00f6nnen Sie dies unter folgendem Link verbieten: http:\/\/www.google.com\/ads\/preferences\/html\/opt-out.html<\/p>\n<h3>ZUS\u00c4TZLICHE INFORMATIONEN ZUM DEAKTIVIEREN VON COOKIES<\/h3>\n<p>Derzeit gibt es mehrere Websites zum Deaktivieren der Speicherung von Cookies f\u00fcr verschiedene Dienste.<\/p>\n<p>Weitere Informationen finden Sie unter folgenden Links:<\/p>\n<p><a href=\"http:\/\/www.allaboutcookies.org\/\">http:\/\/www.allaboutcookies.org\/<\/a><\/p>\n<p><a href=\"http:\/\/www.youronlinechoices.eu\/\">http:\/\/www.youronlinechoices.eu\/<\/a><\/p>\n","protected":false},"excerpt":{"rendered":"<p>Was ist ein Cookie? Ein Cookie ist eine Information, die von der Website, die Sie besuchen, auf Ihrem Computer gespeichert wird. Cookies speichern in der Regel Ihre Einstellungen, wie z.B. Spracheinstellungen oder Adresse, f\u00fcr die Website. Wenn Sie sp\u00e4ter dieselbe Website erneut \u00f6ffnen, sendet der Webbrowser Cookies zur\u00fcck, die zu dieser Website geh\u00f6ren. Dies erm\u00f6glicht [&hellip;]<\/p>\n","protected":false},"author":1,"featured_media":0,"parent":0,"menu_order":0,"comment_status":"closed","ping_status":"closed","template":"","meta":{"footnotes":""},"class_list":["post-5885","page","type-page","status-publish","hentry"],"_links":{"self":[{"href":"https:\/\/augustini.hr\/de\/wp-json\/wp\/v2\/pages\/5885","targetHints":{"allow":["GET"]}}],"collection":[{"href":"https:\/\/augustini.hr\/de\/wp-json\/wp\/v2\/pages"}],"about":[{"href":"https:\/\/augustini.hr\/de\/wp-json\/wp\/v2\/types\/page"}],"author":[{"embeddable":true,"href":"https:\/\/augustini.hr\/de\/wp-json\/wp\/v2\/users\/1"}],"replies":[{"embeddable":true,"href":"https:\/\/augustini.hr\/de\/wp-json\/wp\/v2\/comments?post=5885"}],"version-history":[{"count":0,"href":"https:\/\/augustini.hr\/de\/wp-json\/wp\/v2\/pages\/5885\/revisions"}],"wp:attachment":[{"href":"https:\/\/augustini.hr\/de\/wp-json\/wp\/v2\/media?parent=5885"}],"curies":[{"name":"wp","href":"https:\/\/api.w.org\/{rel}","templated":true}]}}