{"id":5801,"date":"2023-05-04T06:17:53","date_gmt":"2023-05-04T04:17:53","guid":{"rendered":"https:\/\/augustini.hr\/certifikati\/"},"modified":"2026-05-05T05:40:08","modified_gmt":"2026-05-05T03:40:08","slug":"zertifikate","status":"publish","type":"page","link":"https:\/\/augustini.hr\/de\/zertifikate\/","title":{"rendered":"Zertifikate"},"content":{"rendered":"\t\t<div data-elementor-type=\"wp-page\" data-elementor-id=\"5801\" class=\"elementor elementor-5801 elementor-4970\" data-elementor-post-type=\"page\">\n\t\t\t\t\t\t<section class=\"elementor-section elementor-top-section elementor-element elementor-element-66f7b99 elementor-section-full_width elementor-section-stretched elementor-section-height-default elementor-section-height-default\" data-id=\"66f7b99\" data-element_type=\"section\" data-e-type=\"section\" data-settings=\"{&quot;stretch_section&quot;:&quot;section-stretched&quot;,&quot;background_background&quot;:&quot;classic&quot;}\">\n\t\t\t\t\t\t\t<div class=\"elementor-background-overlay\"><\/div>\n\t\t\t\t\t\t\t<div class=\"elementor-container elementor-column-gap-default\">\n\t\t\t\t\t<div class=\"elementor-column elementor-col-100 elementor-top-column elementor-element elementor-element-7c3e41d\" data-id=\"7c3e41d\" data-element_type=\"column\" data-e-type=\"column\">\n\t\t\t<div class=\"elementor-widget-wrap elementor-element-populated\">\n\t\t\t\t\t\t<div class=\"elementor-element elementor-element-f537449 elementor-widget elementor-widget-text-editor\" data-id=\"f537449\" data-element_type=\"widget\" data-e-type=\"widget\" data-widget_type=\"text-editor.default\">\n\t\t\t\t\t\t\t\t\t<p>ZERTIFIKATE<\/p>\t\t\t\t\t\t\t\t<\/div>\n\t\t\t\t<div class=\"elementor-element elementor-element-7ba2bcf elementor-widget elementor-widget-heading\" data-id=\"7ba2bcf\" data-element_type=\"widget\" data-e-type=\"widget\" data-widget_type=\"heading.default\">\n\t\t\t\t\t<h2 class=\"elementor-heading-title elementor-size-default\">Nachweis der Qualit\u00e4t unserer <br>Dienstleistungen<\/h2>\t\t\t\t<\/div>\n\t\t\t\t\t<\/div>\n\t\t<\/div>\n\t\t\t\t\t<\/div>\n\t\t<\/section>\n\t\t<div class=\"elementor-element elementor-element-7275959c e-flex e-con-boxed e-con e-parent\" data-id=\"7275959c\" data-element_type=\"container\" data-e-type=\"container\">\n\t\t\t\t\t<div class=\"e-con-inner\">\n\t\t<div class=\"elementor-element elementor-element-2c532106 e-con-full e-flex e-con e-child\" data-id=\"2c532106\" data-element_type=\"container\" data-e-type=\"container\">\n\t\t\t\t<div class=\"elementor-element elementor-element-f56b37e elementor-widget elementor-widget-image\" data-id=\"f56b37e\" data-element_type=\"widget\" data-e-type=\"widget\" data-widget_type=\"image.default\">\n\t\t\t\t\t\t\t\t\t\t\t\t\t\t\t<img decoding=\"async\" src=\"https:\/\/augustini.hr\/wp-content\/uploads\/elementor\/thumbs\/Red-Colorful-Watercolor-Business-Card-rmzqth2viaa7a6j535x2old25aod35wx51023qbxh0.png\" title=\"Red Colorful Watercolor Business Card\" alt=\"Red Colorful Watercolor Business Card\" loading=\"lazy\" \/>\t\t\t\t\t\t\t\t\t\t\t\t\t\t\t<\/div>\n\t\t\t\t<div class=\"elementor-element elementor-element-65ec4456 elementor-widget elementor-widget-icon-box\" data-id=\"65ec4456\" data-element_type=\"widget\" data-e-type=\"widget\" data-widget_type=\"icon-box.default\">\n\t\t\t\t\t\t\t<div class=\"elementor-icon-box-wrapper\">\n\n\t\t\t\n\t\t\t\t\t\t<div class=\"elementor-icon-box-content\">\n\n\t\t\t\t\t\t\t\t\t<h3 class=\"elementor-icon-box-title\">\n\t\t\t\t\t\t<span  >\n\t\t\t\t\t\t\tISO 9001:2015\t\t\t\t\t\t<\/span>\n\t\t\t\t\t<\/h3>\n\t\t\t\t\n\t\t\t\t\t\t\t\t\t<p class=\"elementor-icon-box-description\">\n\t\t\t\t\t\tQualit\u00e4tsmanagementsystem unserer Prozesse und Dienstleistungen.\t\t\t\t\t<\/p>\n\t\t\t\t\n\t\t\t<\/div>\n\t\t\t\n\t\t<\/div>\n\t\t\t\t\t\t<\/div>\n\t\t\t\t<div class=\"elementor-element elementor-element-48203cb4 elementor-widget elementor-widget-image\" data-id=\"48203cb4\" data-element_type=\"widget\" data-e-type=\"widget\" data-widget_type=\"image.default\">\n\t\t\t\t\t\t\t\t\t\t\t\t\t\t\t\t<a href=\"https:\/\/augustini.hr\/wp-content\/uploads\/2025\/02\/ISO-9001-2015-veci.png\" data-elementor-open-lightbox=\"yes\" data-elementor-lightbox-title=\"ISO-9001-2015-veci\" data-e-action-hash=\"#elementor-action%3Aaction%3Dlightbox%26settings%3DeyJpZCI6NjY1NiwidXJsIjoiaHR0cHM6XC9cL2F1Z3VzdGluaS5oclwvd3AtY29udGVudFwvdXBsb2Fkc1wvMjAyNVwvMDJcL0lTTy05MDAxLTIwMTUtdmVjaS5wbmcifQ%3D%3D\">\n\t\t\t\t\t\t\t<img fetchpriority=\"high\" decoding=\"async\" width=\"595\" height=\"834\" src=\"https:\/\/augustini.hr\/wp-content\/uploads\/2025\/02\/ISO-9001-2015-veci.png\" class=\"attachment-full size-full wp-image-6656\" alt=\"\" srcset=\"https:\/\/augustini.hr\/wp-content\/uploads\/2025\/02\/ISO-9001-2015-veci.png 595w, https:\/\/augustini.hr\/wp-content\/uploads\/2025\/02\/ISO-9001-2015-veci-214x300.png 214w\" sizes=\"(max-width: 595px) 100vw, 595px\" \/>\t\t\t\t\t\t\t\t<\/a>\n\t\t\t\t\t\t\t\t\t\t\t\t\t\t\t<\/div>\n\t\t\t\t<div class=\"elementor-element elementor-element-1e72155b elementor-widget elementor-widget-text-editor\" data-id=\"1e72155b\" data-element_type=\"widget\" data-e-type=\"widget\" data-widget_type=\"text-editor.default\">\n\t\t\t\t\t\t\t\t\t<p><strong>ISO 9001<\/strong> ist eine Best\u00e4tigung f\u00fcr die erfolgreiche Einhaltung der Anforderungen der internationalen Norm ISO 9001 Qualit\u00e4tsmanagementsysteme. Durch den Besitz des ISO 9001-Zertifikats wird nachgewiesen, dass ein Qualit\u00e4tsmanagementsystem erfolgreich in der Organisation implementiert wurde.<\/p><p>Organisationen k\u00f6nnen Qualit\u00e4tsmanagementsysteme gem\u00e4\u00df den Anforderungen der ISO 9001-Norm etabliert haben.Aber erst durch den Zertifizierungsprozess wird nachgewiesen, dass das System erfolgreich implementiert wurde. Dadurch wird das Vertrauen ihrer Kunden und anderer Marktteilnehmer in das implementierte Qualit\u00e4tsmanagementsystem gest\u00e4rkt.<\/p>\t\t\t\t\t\t\t\t<\/div>\n\t\t\t\t<\/div>\n\t\t<div class=\"elementor-element elementor-element-57b5fc0c e-con-full e-flex e-con e-child\" data-id=\"57b5fc0c\" data-element_type=\"container\" data-e-type=\"container\">\n\t\t\t\t<div class=\"elementor-element elementor-element-f010396 elementor-widget elementor-widget-image\" data-id=\"f010396\" data-element_type=\"widget\" data-e-type=\"widget\" data-widget_type=\"image.default\">\n\t\t\t\t\t\t\t\t\t\t\t\t\t\t\t<img decoding=\"async\" src=\"https:\/\/augustini.hr\/wp-content\/uploads\/elementor\/thumbs\/Red-Colorful-Watercolor-Business-Card-rmzqth2viaa7a6j535x2old25aod35wx51023qbxh0.png\" title=\"Red Colorful Watercolor Business Card\" alt=\"Red Colorful Watercolor Business Card\" loading=\"lazy\" \/>\t\t\t\t\t\t\t\t\t\t\t\t\t\t\t<\/div>\n\t\t\t\t<div class=\"elementor-element elementor-element-16acc666 elementor-widget elementor-widget-icon-box\" data-id=\"16acc666\" data-element_type=\"widget\" data-e-type=\"widget\" data-widget_type=\"icon-box.default\">\n\t\t\t\t\t\t\t<div class=\"elementor-icon-box-wrapper\">\n\n\t\t\t\n\t\t\t\t\t\t<div class=\"elementor-icon-box-content\">\n\n\t\t\t\t\t\t\t\t\t<h3 class=\"elementor-icon-box-title\">\n\t\t\t\t\t\t<span  >\n\t\t\t\t\t\t\tISO 14001:2015\t\t\t\t\t\t<\/span>\n\t\t\t\t\t<\/h3>\n\t\t\t\t\n\t\t\t\t\t\t\t\t\t<p class=\"elementor-icon-box-description\">\n\t\t\t\t\t\tManagement von Umweltaspekten und Risiken gem\u00e4\u00df einem internationalen Standard.\t\t\t\t\t<\/p>\n\t\t\t\t\n\t\t\t<\/div>\n\t\t\t\n\t\t<\/div>\n\t\t\t\t\t\t<\/div>\n\t\t\t\t<div class=\"elementor-element elementor-element-518609b4 elementor-widget elementor-widget-image\" data-id=\"518609b4\" data-element_type=\"widget\" data-e-type=\"widget\" data-widget_type=\"image.default\">\n\t\t\t\t\t\t\t\t\t\t\t\t\t\t\t\t<a href=\"https:\/\/augustini.hr\/wp-content\/uploads\/2026\/04\/14001-2015-augustini-1.jpg\" data-elementor-open-lightbox=\"yes\" data-elementor-lightbox-title=\"14001-2015-augustini\" data-e-action-hash=\"#elementor-action%3Aaction%3Dlightbox%26settings%3DeyJpZCI6NzIzMiwidXJsIjoiaHR0cHM6XC9cL2F1Z3VzdGluaS5oclwvd3AtY29udGVudFwvdXBsb2Fkc1wvMjAyNlwvMDRcLzE0MDAxLTIwMTUtYXVndXN0aW5pLTEuanBnIn0%3D\">\n\t\t\t\t\t\t\t<img decoding=\"async\" width=\"400\" height=\"561\" src=\"https:\/\/augustini.hr\/wp-content\/uploads\/2026\/04\/14001-2015-augustini-1.jpg\" class=\"attachment-full size-full wp-image-7232\" alt=\"\" srcset=\"https:\/\/augustini.hr\/wp-content\/uploads\/2026\/04\/14001-2015-augustini-1.jpg 400w, https:\/\/augustini.hr\/wp-content\/uploads\/2026\/04\/14001-2015-augustini-1-214x300.jpg 214w\" sizes=\"(max-width: 400px) 100vw, 400px\" \/>\t\t\t\t\t\t\t\t<\/a>\n\t\t\t\t\t\t\t\t\t\t\t\t\t\t\t<\/div>\n\t\t\t\t<div class=\"elementor-element elementor-element-43631f64 elementor-widget elementor-widget-text-editor\" data-id=\"43631f64\" data-element_type=\"widget\" data-e-type=\"widget\" data-widget_type=\"text-editor.default\">\n\t\t\t\t\t\t\t\t\t<p><strong>Die Norm ISO 14001:2015<\/strong> legt Anforderungen an ein Umweltmanagementsystem fest, das Organisationen dabei unterst\u00fctzt, ihre Umweltleistung durch effiziente Ressourcennutzung sowie Vermeidung und Reduzierung von Abfall zu steigern. Dadurch wird die Wettbewerbsf\u00e4higkeit der Organisation gesteigert und das Vertrauen der Interessengruppen gef\u00f6rdert. Die erwarteten Ergebnisse eines Umweltmanagementsystems umfassen:<\/p><ul class=\"cert-list\"><li>Steigerung der Umweltleistung<\/li><li>Erf\u00fcllung von Verpflichtungen zur Einhaltung<\/li><li>Erreichung umweltbezogener Ziele.<\/li><\/ul>\t\t\t\t\t\t\t\t<\/div>\n\t\t\t\t<\/div>\n\t\t<div class=\"elementor-element elementor-element-5164820e e-con-full e-flex e-con e-child\" data-id=\"5164820e\" data-element_type=\"container\" data-e-type=\"container\">\n\t\t\t\t<div class=\"elementor-element elementor-element-6dc083f elementor-widget elementor-widget-image\" data-id=\"6dc083f\" data-element_type=\"widget\" data-e-type=\"widget\" data-widget_type=\"image.default\">\n\t\t\t\t\t\t\t\t\t\t\t\t\t\t\t<img decoding=\"async\" src=\"https:\/\/augustini.hr\/wp-content\/uploads\/elementor\/thumbs\/Red-Colorful-Watercolor-Business-Card-rmzqth2viaa7a6j535x2old25aod35wx51023qbxh0.png\" title=\"Red Colorful Watercolor Business Card\" alt=\"Red Colorful Watercolor Business Card\" loading=\"lazy\" \/>\t\t\t\t\t\t\t\t\t\t\t\t\t\t\t<\/div>\n\t\t\t\t<div class=\"elementor-element elementor-element-134bb6df elementor-widget elementor-widget-icon-box\" data-id=\"134bb6df\" data-element_type=\"widget\" data-e-type=\"widget\" data-widget_type=\"icon-box.default\">\n\t\t\t\t\t\t\t<div class=\"elementor-icon-box-wrapper\">\n\n\t\t\t\n\t\t\t\t\t\t<div class=\"elementor-icon-box-content\">\n\n\t\t\t\t\t\t\t\t\t<h3 class=\"elementor-icon-box-title\">\n\t\t\t\t\t\t<span  >\n\t\t\t\t\t\t\tISO 27001:2022\t\t\t\t\t\t<\/span>\n\t\t\t\t\t<\/h3>\n\t\t\t\t\n\t\t\t\t\t\t\t\t\t<p class=\"elementor-icon-box-description\">\n\t\t\t\t\t\tZertifizierter Ansatz f\u00fcr das Risikomanagement und die Sicherheit von Informationswerten.\t\t\t\t\t<\/p>\n\t\t\t\t\n\t\t\t<\/div>\n\t\t\t\n\t\t<\/div>\n\t\t\t\t\t\t<\/div>\n\t\t\t\t<div class=\"elementor-element elementor-element-4bddbe4b elementor-widget elementor-widget-image\" data-id=\"4bddbe4b\" data-element_type=\"widget\" data-e-type=\"widget\" data-widget_type=\"image.default\">\n\t\t\t\t\t\t\t\t\t\t\t\t\t\t\t\t<a href=\"https:\/\/augustini.hr\/wp-content\/uploads\/2026\/04\/27001-augustini-1.png\" data-elementor-open-lightbox=\"yes\" data-elementor-lightbox-title=\"27001-augustini\" data-e-action-hash=\"#elementor-action%3Aaction%3Dlightbox%26settings%3DeyJpZCI6NzIzMywidXJsIjoiaHR0cHM6XC9cL2F1Z3VzdGluaS5oclwvd3AtY29udGVudFwvdXBsb2Fkc1wvMjAyNlwvMDRcLzI3MDAxLWF1Z3VzdGluaS0xLnBuZyJ9\">\n\t\t\t\t\t\t\t<img decoding=\"async\" width=\"400\" height=\"561\" src=\"https:\/\/augustini.hr\/wp-content\/uploads\/2026\/04\/27001-augustini-1.png\" class=\"attachment-full size-full wp-image-7233\" alt=\"\" srcset=\"https:\/\/augustini.hr\/wp-content\/uploads\/2026\/04\/27001-augustini-1.png 400w, https:\/\/augustini.hr\/wp-content\/uploads\/2026\/04\/27001-augustini-1-214x300.png 214w\" sizes=\"(max-width: 400px) 100vw, 400px\" \/>\t\t\t\t\t\t\t\t<\/a>\n\t\t\t\t\t\t\t\t\t\t\t\t\t\t\t<\/div>\n\t\t\t\t<div class=\"elementor-element elementor-element-73940278 elementor-widget elementor-widget-text-editor\" data-id=\"73940278\" data-element_type=\"widget\" data-e-type=\"widget\" data-widget_type=\"text-editor.default\">\n\t\t\t\t\t\t\t\t\t<div data-renderer=\"lm\"><p><strong>ISO 27001:2022<\/strong> ist ein internationaler Standard, der die Anforderungen f\u00fcr die Einf\u00fchrung und Aufrechterhaltung eines Informationssicherheits-Managementsystems (ISMS) festlegt, mit dem Ziel, die Vertraulichkeit, Integrit\u00e4t und Verf\u00fcgbarkeit von Daten zu sch\u00fctzen. Das Zertifikat best\u00e4tigt, dass eine Organisation Informationsrisiken systematisch durch klar definierte Richtlinien, Verfahren und technische Ma\u00dfnahmen steuert, begleitet von regelm\u00e4\u00dfigen unabh\u00e4ngigen Audits und einer kontinuierlichen Verbesserung des Sicherheitssystems im Einklang mit den neuesten Sicherheitsbedrohungen<\/p><\/div>\t\t\t\t\t\t\t\t<\/div>\n\t\t\t\t<\/div>\n\t\t\t\t\t<\/div>\n\t\t\t\t<\/div>\n\t\t\t\t<\/div>\n\t\t","protected":false},"excerpt":{"rendered":"<p>ZERTIFIKATE Nachweis der Qualit\u00e4t unserer Dienstleistungen ISO 9001:2015 Qualit\u00e4tsmanagementsystem unserer Prozesse und Dienstleistungen. ISO 9001 ist eine Best\u00e4tigung f\u00fcr die erfolgreiche Einhaltung der Anforderungen der internationalen Norm ISO 9001 Qualit\u00e4tsmanagementsysteme. Durch den Besitz des ISO 9001-Zertifikats wird nachgewiesen, dass ein Qualit\u00e4tsmanagementsystem erfolgreich in der Organisation implementiert wurde. Organisationen k\u00f6nnen Qualit\u00e4tsmanagementsysteme gem\u00e4\u00df den Anforderungen der ISO [&hellip;]<\/p>\n","protected":false},"author":1,"featured_media":0,"parent":0,"menu_order":0,"comment_status":"closed","ping_status":"closed","template":"","meta":{"footnotes":""},"class_list":["post-5801","page","type-page","status-publish","hentry"],"_links":{"self":[{"href":"https:\/\/augustini.hr\/de\/wp-json\/wp\/v2\/pages\/5801","targetHints":{"allow":["GET"]}}],"collection":[{"href":"https:\/\/augustini.hr\/de\/wp-json\/wp\/v2\/pages"}],"about":[{"href":"https:\/\/augustini.hr\/de\/wp-json\/wp\/v2\/types\/page"}],"author":[{"embeddable":true,"href":"https:\/\/augustini.hr\/de\/wp-json\/wp\/v2\/users\/1"}],"replies":[{"embeddable":true,"href":"https:\/\/augustini.hr\/de\/wp-json\/wp\/v2\/comments?post=5801"}],"version-history":[{"count":3,"href":"https:\/\/augustini.hr\/de\/wp-json\/wp\/v2\/pages\/5801\/revisions"}],"predecessor-version":[{"id":8322,"href":"https:\/\/augustini.hr\/de\/wp-json\/wp\/v2\/pages\/5801\/revisions\/8322"}],"wp:attachment":[{"href":"https:\/\/augustini.hr\/de\/wp-json\/wp\/v2\/media?parent=5801"}],"curies":[{"name":"wp","href":"https:\/\/api.w.org\/{rel}","templated":true}]}}